{"id":3514,"date":"2021-06-07T14:41:50","date_gmt":"2021-06-07T14:41:50","guid":{"rendered":"https:\/\/rehmantech.net\/demo\/bsscientifics\/?post_type=product&#038;p=3514"},"modified":"2021-06-07T14:43:01","modified_gmt":"2021-06-07T14:43:01","slug":"bs-3015-stereo-microscope","status":"publish","type":"product","link":"https:\/\/rehmantech.net\/demo\/bsscientifics\/product\/bs-3015-stereo-microscope\/","title":{"rendered":"BS-3015 Stereo Microscope"},"content":{"rendered":"<p><strong><u>Introduction<\/u><\/strong><\/p>\n<p>BS-3015 series stereo microscopes offer upright, un-reversed 3D images with high resolution. The microscopes are smart and cost-effective. Optional eyepiece, objectives, cold light and ring light are available for the microscopes. They are widely used in electric factories, schools laboratories, sculpture, families and so on.<\/p>\n<p><strong><u>Feature<\/u><\/strong><\/p>\n<ol>\n<li>High quality, high function and excellent cost performance.<\/li>\n<li>Ergonomic design, sharp image display, wide viewing field and easy to operate.<\/li>\n<li>Various objectives 1\u00d7\/2\u00d7,1\u00d7\/3\u00d7,1\u00d7\/4\u00d7, 2\u00d7\/3\u00d7, 2\u00d7\/4\u00d7, Magnification range 5\u00d7-240\u00d7.<\/li>\n<li>Providing a wide viewing eyepiece with field of \u03a623mm.<\/li>\n<li>Ideal instrument in academic, medical and industrial field.<\/li>\n<li>ESD painting is available.<\/li>\n<\/ol>\n<p><strong><u>Application<\/u><\/strong><\/p>\n<p>The BS-3015 series stereo microscopes are of great value in a variety of applications such as circuit board repair, circuit board inspection, surface mount technology work, electronics inspection, coin collecting, gemology and gemstone setting, engraving, repair and inspection of small parts.<\/p>\n","protected":false},"excerpt":{"rendered":"<p>Introduction BS-3015 series stereo microscopes offer upright, un-reversed 3D images with high resolution. The microscopes are smart and cost-effective. Optional eyepiece, objectives, cold light and ring light are available for the microscopes. They are widely used in electric factories, schools laboratories, sculpture, families and so on. Feature High quality, high function and excellent cost performance. [&hellip;]<\/p>\n","protected":false},"featured_media":3558,"comment_status":"open","ping_status":"closed","template":"","meta":[],"class_list":["post-3514","product","type-product","status-publish","has-post-thumbnail","hentry","product_cat-bs-3000-series-stereo-microscopes","product_cat-microscope"],"_links":{"self":[{"href":"https:\/\/rehmantech.net\/demo\/bsscientifics\/wp-json\/wp\/v2\/product\/3514","targetHints":{"allow":["GET"]}}],"collection":[{"href":"https:\/\/rehmantech.net\/demo\/bsscientifics\/wp-json\/wp\/v2\/product"}],"about":[{"href":"https:\/\/rehmantech.net\/demo\/bsscientifics\/wp-json\/wp\/v2\/types\/product"}],"replies":[{"embeddable":true,"href":"https:\/\/rehmantech.net\/demo\/bsscientifics\/wp-json\/wp\/v2\/comments?post=3514"}],"wp:featuredmedia":[{"embeddable":true,"href":"https:\/\/rehmantech.net\/demo\/bsscientifics\/wp-json\/wp\/v2\/media\/3558"}],"wp:attachment":[{"href":"https:\/\/rehmantech.net\/demo\/bsscientifics\/wp-json\/wp\/v2\/media?parent=3514"}],"curies":[{"name":"wp","href":"https:\/\/api.w.org\/{rel}","templated":true}]}}